{"id":229,"date":"2018-12-17T14:35:52","date_gmt":"2018-12-17T14:35:52","guid":{"rendered":"https:\/\/k-and-s.de\/our-partners\/engineering-consulting\/"},"modified":"2019-01-18T22:54:41","modified_gmt":"2019-01-18T22:54:41","slug":"engineering-consulting","status":"publish","type":"page","link":"https:\/\/k-and-s.de\/de\/our-partners\/engineering-consulting\/","title":{"rendered":"Engineering &#038; Consulting"},"content":{"rendered":"<p>[et_pb_section fb_built=&#8221;1&#8243; fullwidth=&#8221;on&#8221; _builder_version=&#8221;3.17.2&#8243;][et_pb_fullwidth_header title=&#8221;Engineering &#038; consulting&#8221; subhead=&#8221;UNSERE PARTNER&#8221; background_overlay_color=&#8221;rgba(0,0,0,0.38)&#8221; _builder_version=&#8221;3.17.2&#8243; title_font=&#8221;|700||on|||||&#8221; background_image=&#8221;https:\/\/k-and-s.de\/wp-content\/uploads\/2018\/12\/brick-2172682_1920.jpg&#8221;][\/et_pb_fullwidth_header][\/et_pb_section][et_pb_section fb_built=&#8221;1&#8243; _builder_version=&#8221;3.17.2&#8243; custom_padding=&#8221;0|0px|0|0px|false|false&#8221;][et_pb_row _builder_version=&#8221;3.17.2&#8243;][et_pb_column type=&#8221;4_4&#8243; _builder_version=&#8221;3.17.2&#8243; parallax=&#8221;off&#8221; parallax_method=&#8221;on&#8221;][et_pb_text _builder_version=&#8221;3.17.2&#8243;]<\/p>\n<div class=\"ce_text block\">\n<p>Die Strategie von K&#038;S \u2013 enge Kooperationen mit Technologief\u00fchrern und Know-how-Tr\u00e4gern \u2013 hat sich bew\u00e4hrt. Gemeinsam mit unseren Partnern k\u00f6nnen wir integrierte Energiemanagement-L\u00f6sungen anbieten, die sich auf den Bedarf jedes Z\u00e4hlerherstellers und Energieversorgungsunternehmens anpassen lassen. Unsere Z\u00e4hler und L\u00f6sungen unterst\u00fctzen Energieversorger und Endkunden, die Energieeffizienz zu steigern, die Energiekosten zu senken und den nachhaltigen Einsatz von Ressourcen zu f\u00f6rdern.<\/p>\n<\/div>\n<p>[\/et_pb_text][et_pb_text _builder_version=&#8221;3.17.2&#8243; header_font=&#8221;||||||||&#8221; header_3_font=&#8221;||||||||&#8221; header_3_font_size=&#8221;20px&#8221;]<\/p>\n<div class=\"ce_text block\">\n<h3><strong>TECHNOLOGIE- UND KNOW-HOW-TRANSFER<\/strong><\/h3>\n<\/div>\n<p>[\/et_pb_text][\/et_pb_column][\/et_pb_row][et_pb_row _builder_version=&#8221;3.17.2&#8243;][et_pb_column type=&#8221;1_3&#8243; _builder_version=&#8221;3.17.2&#8243; parallax=&#8221;off&#8221; parallax_method=&#8221;on&#8221;][et_pb_image src=&#8221;https:\/\/k-and-s.de\/wp-content\/uploads\/2018\/12\/easymeter.png&#8221; url=&#8221;http:\/\/www.easymeter.com\/&#8221; url_new_window=&#8221;on&#8221; align=&#8221;center&#8221; _builder_version=&#8221;3.17.2&#8243;][\/et_pb_image][et_pb_text _builder_version=&#8221;3.17.2&#8243;]<\/p>\n<p style=\"text-align: center;\"><strong><a href=\"http:\/\/www.easymeter.com\/\">EasyMeter<\/a><br \/>\n<\/strong><strong>Elektronische Stromz\u00e4hler<\/strong><\/p>\n<p>[\/et_pb_text][\/et_pb_column][et_pb_column type=&#8221;1_3&#8243; _builder_version=&#8221;3.17.2&#8243; parallax=&#8221;off&#8221; parallax_method=&#8221;on&#8221;][et_pb_image src=&#8221;https:\/\/k-and-s.de\/wp-content\/uploads\/2018\/12\/emh.png&#8221; url=&#8221;http:\/\/www.easymeter.com\/&#8221; url_new_window=&#8221;on&#8221; align=&#8221;center&#8221; _builder_version=&#8221;3.17.2&#8243;][\/et_pb_image][et_pb_text _builder_version=&#8221;3.17.2&#8243;]<\/p>\n<p style=\"text-align: center;\"><strong><a href=\"http:\/\/www.easymeter.com\/\">EMH Energie-Messtechnik<\/a><br \/>\n<\/strong><strong>Station\u00e4re und tragbare<br \/>\nZ\u00e4hlerpr\u00fcftechnik<\/strong><\/p>\n<p>[\/et_pb_text][\/et_pb_column][et_pb_column type=&#8221;1_3&#8243; _builder_version=&#8221;3.17.2&#8243; parallax=&#8221;off&#8221; parallax_method=&#8221;on&#8221;][et_pb_image src=&#8221;https:\/\/k-and-s.de\/wp-content\/uploads\/2018\/12\/mte.png&#8221; url=&#8221;http:\/\/www.easymeter.com\/&#8221; url_new_window=&#8221;on&#8221; align=&#8221;center&#8221; _builder_version=&#8221;3.17.2&#8243;][\/et_pb_image][et_pb_text _builder_version=&#8221;3.17.2&#8243;]<\/p>\n<p style=\"text-align: center;\"><strong><a href=\"http:\/\/www.easymeter.com\/\">MTE Meter Test Equipment<\/a><br \/>\n<\/strong><strong>Pr\u00fcftechnik und Energiemesssysteme<\/p>\n<p><\/strong><\/p>\n<p>[\/et_pb_text][\/et_pb_column][\/et_pb_row][et_pb_row custom_padding=&#8221;27px|0px|16px|0px|false|false&#8221; _builder_version=&#8221;3.17.2&#8243;][et_pb_column type=&#8221;1_3&#8243; _builder_version=&#8221;3.17.2&#8243; parallax=&#8221;off&#8221; parallax_method=&#8221;on&#8221;][et_pb_image src=&#8221;https:\/\/k-and-s.de\/wp-content\/uploads\/2019\/01\/4.jpg&#8221; _builder_version=&#8221;3.19.5&#8243; max_width=&#8221;60%&#8221; module_alignment=&#8221;right&#8221;][\/et_pb_image][\/et_pb_column][et_pb_column type=&#8221;2_3&#8243; _builder_version=&#8221;3.17.2&#8243; parallax=&#8221;off&#8221; parallax_method=&#8221;on&#8221;][et_pb_text _builder_version=&#8221;3.17.2&#8243;]<\/p>\n<p><strong>J\u00f6rg Kowol<\/strong><\/p>\n<p>Langj\u00e4hrige Erfahrung auf dem Gebiet der Elektronik im Speziellen der Fertigung, Pr\u00fcfung und Entwicklung von\u00a0 mechanischen und elektronischen Z\u00e4hlern.<\/p>\n<p>&nbsp;<\/p>\n<ul>\n<li>Studium der Elektrotechnik, Messtechnik und Automatisierungstechnik<\/li>\n<\/ul>\n<ul>\n<li>Prokurist und Gesch\u00e4ftsf\u00fchrer bei der Deutschen Z\u00e4hlergesellschaft GmbH<\/li>\n<\/ul>\n<ul>\n<li>Gesch\u00e4ftsf\u00fchrer bei EasyMeter GmbH<\/li>\n<\/ul>\n<ul>\n<li>Projektleiter bei EMH Elektrizit\u00e4tsz\u00e4hler GmbH<\/li>\n<\/ul>\n<ul>\n<li>Gesch\u00e4ftsf\u00fchrer bei Trainalytics GmbH<\/li>\n<\/ul>\n<p>[\/et_pb_text][\/et_pb_column][\/et_pb_row][et_pb_row _builder_version=&#8221;3.17.2&#8243;][et_pb_column type=&#8221;1_3&#8243; _builder_version=&#8221;3.17.2&#8243; parallax=&#8221;off&#8221; parallax_method=&#8221;on&#8221;][et_pb_image src=&#8221;https:\/\/k-and-s.de\/wp-content\/uploads\/2019\/01\/img-person.png&#8221; _builder_version=&#8221;3.19.5&#8243; max_width=&#8221;60%&#8221; module_alignment=&#8221;right&#8221;][\/et_pb_image][\/et_pb_column][et_pb_column type=&#8221;2_3&#8243; _builder_version=&#8221;3.17.2&#8243; parallax=&#8221;off&#8221; parallax_method=&#8221;on&#8221;][et_pb_text _builder_version=&#8221;3.17.2&#8243;]<\/p>\n<p><strong>Frank Herrmann<\/strong><\/p>\n<p>Kompetenzen in der Entwicklung und Fertigung von elektronischen Messger\u00e4ten f\u00fcr die Verrechnung, Entwicklung und Design von Pr\u00fcfsystemen, Qualit\u00e4ts\u00fcberwachung, Pr\u00fcfstellenwesen.<\/p>\n<p>&nbsp;<\/p>\n<ul>\n<li>Studium Elektrotechnik und Energietechnik\u00a0<\/li>\n<\/ul>\n<ul>\n<li>Dozent in der Erwachsenenbildung<\/li>\n<\/ul>\n<ul>\n<li>Stadtwerke Braunschweig GmbH<\/li>\n<\/ul>\n<ul>\n<li>Pr\u00fcfstellenleitung staatlich anerkannte Pr\u00fcfstelle, EE2<\/li>\n<\/ul>\n<ul>\n<li>Entwicklungsmanagement Deutsche Z\u00e4hlergesellschaft GmbH<\/li>\n<\/ul>\n<ul>\n<li>Gesch\u00e4ftsf\u00fchrung EasyMeter GmbH<\/li>\n<\/ul>\n<ul>\n<li>Selbstst\u00e4ndiger Consultant: Metering Components<\/li>\n<\/ul>\n<p>[\/et_pb_text][\/et_pb_column][\/et_pb_row][\/et_pb_section]<\/p>\n","protected":false},"excerpt":{"rendered":"<p>Die Strategie von K&#038;S \u2013 enge Kooperationen mit Technologief\u00fchrern und Know-how-Tr\u00e4gern \u2013 hat sich bew\u00e4hrt. Gemeinsam mit unseren Partnern k\u00f6nnen wir integrierte Energiemanagement-L\u00f6sungen anbieten, die sich auf den Bedarf jedes Z\u00e4hlerherstellers und Energieversorgungsunternehmens anpassen lassen. Unsere Z\u00e4hler und L\u00f6sungen unterst\u00fctzen Energieversorger und Endkunden, die Energieeffizienz zu steigern, die Energiekosten zu senken und den nachhaltigen Einsatz [&hellip;]<\/p>\n","protected":false},"author":2,"featured_media":0,"parent":197,"menu_order":0,"comment_status":"closed","ping_status":"closed","template":"","meta":{"_et_pb_use_builder":"on","_et_pb_old_content":"","_et_gb_content_width":""},"_links":{"self":[{"href":"https:\/\/k-and-s.de\/de\/wp-json\/wp\/v2\/pages\/229"}],"collection":[{"href":"https:\/\/k-and-s.de\/de\/wp-json\/wp\/v2\/pages"}],"about":[{"href":"https:\/\/k-and-s.de\/de\/wp-json\/wp\/v2\/types\/page"}],"author":[{"embeddable":true,"href":"https:\/\/k-and-s.de\/de\/wp-json\/wp\/v2\/users\/2"}],"replies":[{"embeddable":true,"href":"https:\/\/k-and-s.de\/de\/wp-json\/wp\/v2\/comments?post=229"}],"version-history":[{"count":7,"href":"https:\/\/k-and-s.de\/de\/wp-json\/wp\/v2\/pages\/229\/revisions"}],"predecessor-version":[{"id":412,"href":"https:\/\/k-and-s.de\/de\/wp-json\/wp\/v2\/pages\/229\/revisions\/412"}],"up":[{"embeddable":true,"href":"https:\/\/k-and-s.de\/de\/wp-json\/wp\/v2\/pages\/197"}],"wp:attachment":[{"href":"https:\/\/k-and-s.de\/de\/wp-json\/wp\/v2\/media?parent=229"}],"curies":[{"name":"wp","href":"https:\/\/api.w.org\/{rel}","templated":true}]}}