{"id":210,"date":"2018-12-22T07:51:06","date_gmt":"2018-12-22T07:51:06","guid":{"rendered":"https:\/\/k-and-s.de\/privacy\/"},"modified":"2019-01-19T22:17:57","modified_gmt":"2019-01-19T22:17:57","slug":"privacy","status":"publish","type":"page","link":"https:\/\/k-and-s.de\/de\/privacy\/","title":{"rendered":"Datenschutz"},"content":{"rendered":"<p>[et_pb_section bb_built=&#8221;1&#8243; fullwidth=&#8221;on&#8221; _builder_version=&#8221;3.17.2&#8243; next_background_color=&#8221;#000000&#8243;][et_pb_fullwidth_header title=&#8221;Datenschutz&#8221; background_overlay_color=&#8221;rgba(0,0,0,0.38)&#8221; _builder_version=&#8221;3.19.5&#8243; title_font=&#8221;|700||on|||||&#8221; background_image=&#8221;https:\/\/k-and-s.de\/wp-content\/uploads\/2018\/12\/pattern-3160023_1920.jpg&#8221; \/][\/et_pb_section][et_pb_section bb_built=&#8221;1&#8243; _builder_version=&#8221;3.17.2&#8243; prev_background_color=&#8221;#000000&#8243;][et_pb_row _builder_version=&#8221;3.17.2&#8243;][et_pb_column type=&#8221;4_4&#8243;][et_pb_text _builder_version=&#8221;3.19.5&#8243;]<\/p>\n<p>Die K. &amp; S. Handels GmbH freut sich \u00fcber Ihren Besuch auf unserer Website sowie \u00fcber Ihr Interesse an unserem Unternehmen und unseren Produkten. Der Schutz Ihrer pers\u00f6nlichen Daten bei der Erhebung, Verarbeitung und Nutzung w\u00e4hrend Ihres Besuchs auf unserer Website ist uns sehr wichtig.\u00a0Nachfolgend finden Sie Informationen, welche Daten w\u00e4hrend Ihres Besuchs auf der Website erfasst und wie diese genutzt werden.<\/p>\n<h3 data-fontsize=\"16\" data-lineheight=\"24\"><strong>1. Verantwortlicher<\/strong><\/h3>\n<p>K. &amp; S. Handels GmbH<br \/>Linckestr. 6<br \/>D-22145 Hamburg<\/p>\n<p>Tel.: +49-40-65 68 30 63 \/ 64<br \/>Fax: +49-40-65 68 30 65<br \/>E-Mail: info@k-and-s.de<\/p>\n<h3 data-fontsize=\"16\" data-lineheight=\"24\"><strong>2. Datenschutzbeauftragter<\/strong><\/h3>\n<p>privacy@k-and-s.de<\/p>\n<p><strong style=\"color: #333333; font-size: 22px;\">3. Erfassen von Daten auf der Website<\/strong><\/p>\n<p>Bei jedem Aufruf unserer Internetseite erfasst unser System automatisiert Daten und Informationen vom Computersystem des aufrufenden Rechners. <br \/>Folgende Daten werden hierbei erhoben:<\/p>\n<ul>\n<li>Informationen \u00fcber den Browsertyp und die verwendete Version<\/li>\n<li>Das Betriebssystem des Nutzers<\/li>\n<li>Den Internet-Service-Provider des Nutzers<\/li>\n<li>Die IP-Adresse des Nutzers<\/li>\n<li>Datum und Uhrzeit des Zugriffs<\/li>\n<li>Websites, von denen das System des Nutzers auf unsere Internetseite gelangt<\/li>\n<\/ul>\n<p>Die Daten werden ebenfalls in den Logfiles unseres Systems gespeichert. Eine Speicherung dieser Daten zusammen mit anderen personenbezogenen Daten des Nutzers findet nicht statt.<br \/>Rechtsgrundlage f\u00fcr die vor\u00fcbergehende Speicherung der Daten und der Logfiles ist Art.6 Abs. 1 lit. f) DSGVO.<\/p>\n<h3 data-fontsize=\"16\" data-lineheight=\"24\"><strong>4. Datenverarbeitung und Zweck, Rechtsgrundlage<\/strong><\/h3>\n<p>Wir erheben und verwenden personenbezogene Daten unserer Nutzer grunds\u00e4tzlich nur, soweit dies zur Bereitstellung einer funktionsf\u00e4higen Website sowie unserer Inhalte und Leistungen erforderlich ist. Die Erhebung und Verwendung personenbezogener Daten unserer Nutzer erfolgt regelm\u00e4\u00dfig nur nach Einwilligung des Nutzers, indem Sie uns diese zur Verf\u00fcgung stellen, mittels des Kontaktformulars oder Bewerbungsformulars auf unserer Webseite.<br \/>Ihre personenbezogenen Daten werden an Dritte nur weitergegeben, wenn dies zum Zwecke der Vertragsabwicklung oder zu Abrechnungszwecken erforderlich ist, unter Beachtung des Art. 28 Datenschutzgrundverordnung (DSGVO) zur Auftragsverarbeitung, oder Sie zuvor eingewilligt haben. Ihre personenbezogenen Daten werden von uns nicht an Dritte verkauft. Eine Weitergabe an auskunftsberechtigte staatliche Einrichtungen und Beh\u00f6rden erfolgt nur im Rahmen zwingender Rechtsvorschriften bzw. sofern wir per Gerichtsbeschluss dazu verpflichtet werden. Um den Nachweis von Informationspflichten und Einwilligungserkl\u00e4rung f\u00fchren zu k\u00f6nnen, speichern wir ihre IP-Adresse im Moment des Absendens unterer Formulare.<\/p>\n<h3 data-fontsize=\"16\" data-lineheight=\"24\"><strong>5. Kontaktformular<\/strong><\/h3>\n<p>Die von Ihnen erfassten pers\u00f6nlichen Daten, z. B. aus der gesendeten E-Mail der Rubrik &#8220;Kontakt&#8221;, unserem Kontaktformular, werden wir nur dazu verwenden, Ihnen die gew\u00fcnschten Produkte oder Dienstleistungen bereitzustellen, oder aber zu anderen Zwecken, f\u00fcr die Sie Ihre Einwilligung erteilt haben, sofern keine anderslautenden gesetzlichen Verpflichtungen bestehen. Unsere Mitarbeiter sind von uns zur Verschwiegenheit und zur Einhaltung der Vertraulichkeit verpflichtet worden. Eine weitergehende Datenverarbeitung ihrer bereitgestellten Daten findet statt, wenn sich aus der Anfrage weitergehenden Interesse an unseren Produkten entwickelt, und sich damit ein vorvertragliches Vertragsverh\u00e4ltnis entwickelt. Die Rechtsgrundlagen f\u00fcr die Verarbeitung dieser Daten ist Art. 6 Abs. 1, lit a), b), f) DSGVO.<\/p>\n<h3 data-fontsize=\"16\" data-lineheight=\"24\"><strong>6. Datenl\u00f6schung und Aufbewahrung von Daten<\/strong><\/h3>\n<p>Die K. &amp; S. Handels GmbH speichert personenbezogene Daten so lange, wie es n\u00f6tig ist, um eine Dienstleistung auszuf\u00fchren, die Sie gew\u00fcnscht oder zu der Sie Ihre Einwilligung erteilt haben, sofern keine anderslautenden gesetzlichen Verpflichtungen bestehen.<\/p>\n<h3 data-fontsize=\"16\" data-lineheight=\"24\"><strong>7. Recht auf Widerruf und Widerspruch<\/strong><\/h3>\n<p>Sie sind berechtigt, die Einwilligung in die Verwendung personenbezogener Daten nach Art. 6 (1), lit. a) DSGVO jederzeit mit Wirkung f\u00fcr die Zukunft ganz oder teilweise zu widerrufen. Zudem d\u00fcrfen Sie unter den in Art. 21 (1) DSGVO genannten Voraussetzungen, einer Verarbeitung nach Art. (1), lit. e), f) widersprechen.<\/p>\n<h3 data-fontsize=\"16\" data-lineheight=\"24\"><strong>8. Sicherheit<\/strong><\/h3>\n<p>Die K. &amp; S. Handels GmbH setzt technische und organisatorische Ma\u00dfnahmen ein, um Ihre Daten, gegen zuf\u00e4llige oder vors\u00e4tzliche Manipulationen, Verlust, Zerst\u00f6rung oder gegen unberechtigte Zugriffe zu sch\u00fctzen. Unsere Sicherheitsma\u00dfnahmen werden entsprechend der technischen Weiterentwicklung fortlaufend verbessert.<\/p>\n<h3 data-fontsize=\"16\" data-lineheight=\"24\"><strong>9. Cookies<\/strong><\/h3>\n<p>Dieser Internetauftritt verwendet Cookies. Cookies sind kleine Textdateien, die vom Web-Server an Ihren PC verschickt und meist auf Ihrer Festplatte abgespeichert werden. Es handelt sich dabei nicht um Programme, die auf dem PC des Nutzers Schaden anrichten k\u00f6nnen. Cookies erm\u00f6glichen die Feststellung, ob Sie erneut unsere Internetpr\u00e4senz besuchen. Wir verwenden auf unserer Website dar\u00fcber hinaus Cookies, die folgende Funktionen haben:<\/p>\n<p>a) Wir setzen Cookies ein, um unsere Website nutzerfreundlicher zu gestalten. Einige Elemente unserer Internetseite erfordern es, dass der aufrufende Browser auch nach einem Seitenwechsel identifiziert werden kann.<\/p>\n<p>b) Wir setzen den Cookie Fullscreenmode, um zu erkennen, welche Gr\u00f6\u00dfe ihr Monitor hat, und die Lesbarkeit f\u00fcr verschiedene Monitore zu ermitteln.<\/p>\n<h3 data-fontsize=\"16\" data-lineheight=\"24\"><strong>10. Google Analytics<\/strong><\/h3>\n<p>&#8220;Diese Website benutzt Google Analytics, einen Webanalysedienst der Google Inc. (&#8220;Google&#8221;). In diesem Modus ist es m\u00f6glich Nutzer von unserer Webseite User-IDs zuzuordnen, und sp\u00e4ter wiederzuerkennen. Wir verwenden auf unserer Website dar\u00fcber hinaus Cookies, die eine Analyse des Surfverhaltens der Nutzer erm\u00f6glichen. Auf diese Weise k\u00f6nnen folgende Daten \u00fcbermittelt werden:<\/p>\n<ul>\n<li>H\u00e4ufigkeit von Seitenaufrufen<\/li>\n<li>Anzahl Nutzer<\/li>\n<li>Absprungrate (Seite wird nach einem Seitenaufruf wieder geschlossen)<\/li>\n<li>Sitzungsdauer (Durchschnittsdauer aller Nutzer)<\/li>\n<li>Land, aus dem die Webseite aufgerufen wurde<\/li>\n<li>Inanspruchnahme von Website-Funktionen<\/li>\n<li>Welche Seite wie oft angew\u00e4hlt wird<\/li>\n<li>Von welcher Webseite Nutzer kommt<\/li>\n<li>Aus welcher Region der Nutzer kommt<\/li>\n<li>Ger\u00e4t und Ger\u00e4tekategorie, mit dem der Nutzer unsere Webseite aufruft<\/li>\n<\/ul>\n<p>Google wird diese Informationen benutzen, um Ihre Nutzung der Website auszuwerten, um Reports \u00fcber die Websiteaktivit\u00e4ten f\u00fcr die Websitebetreiber zusammenzustellen und um weitere mit der Websitenutzung und der Internetnutzung verbundene Dienstleistungen zu erbringen. Auch wird Google diese Informationen gegebenenfalls an Dritte \u00fcbertragen, sofern dies gesetzlich vorgeschrieben ist oder soweit Dritte diese Daten im Auftrag von Google verarbeiten. Google wird in keinem Fall Ihre IP-Adresse mit anderen Daten von Google in Verbindung bringen. Sie k\u00f6nnen die Verwendung von Cookies durch eine entsprechende Einstellung Ihres Browsers ablehnen. Beachten Sie jedoch, dass Sie dadurch m\u00f6glicherweise nicht die volle Funktionalit\u00e4t dieser Website nutzen k\u00f6nnen. Durch die Nutzung dieser Website erkl\u00e4ren Sie sich mit der Verarbeitung der \u00fcber Sie erhobenen Daten durch Google in der zuvor beschriebenen Art und Weise und zu dem zuvor genannten Zweck einverstanden. Sie k\u00f6nnen die Verfolgung durch Google Analytics mit Wirkung f\u00fcr die Zukunft ablehnen, indem Sie das Browser Addon f\u00fcr Google Analytics Opt-out f\u00fcr Ihren aktuellen Webbrowser herunterladen und installieren: http:\/\/tools.google.com\/dlpage\/gaoptout?hl=de .<\/p>\n<h3 data-fontsize=\"16\" data-lineheight=\"24\"><strong>11. Links<\/strong><\/h3>\n<p>Diese Seite enth\u00e4lt Verweise auf Webseiten von externen Betreibern. Die Links wurden vor deren Freischaltung, sorgf\u00e4ltig \u00fcberpr\u00fcft. Es ist jedoch nicht ausgeschlossen, dass im Nachhinein inhaltliche Ver\u00e4nderungen durch die jeweiligen Betreiber vorgenommen werden. Diese Datenschutzerkl\u00e4rung gilt nur f\u00fcr den Internetauftritt der K. &amp; S. Handels GmbH. Eine Haftung f\u00fcr den Inhalt oder die Richtigkeit der Datenschutzerkl\u00e4rung von Internetauftritten anderer Anbieter wird nicht \u00fcbernommen. Zwecks Information \u00fcber die Datenschutzhinweise anderer Anbieter \u00fcberpr\u00fcfen Sie bitte den jeweiligen Internetauftritt oder wenden Sie sich an den jeweiligen Anbieter.<\/p>\n<h3 data-fontsize=\"16\" data-lineheight=\"24\"><strong>12. Betroffenenrechte<\/strong><\/h3>\n<p>Die K. &amp; S. Handels GmbH bietet seinen Kunden das Recht auf Auskunft, Berichtigung, Datenportabilit\u00e4t, L\u00f6schung oder auf Einschr\u00e4nkung der Verarbeitung, sowie das Recht zum Widerspruch gegen eine Datenverarbeitung gem. Art. 6 (1),e) lit. f) DSGVO, wenn Sie Gr\u00fcnde vorweisen k\u00f6nnen, die sich aus ihrer besonderen Situation ergeben. Senden Sie die jeweilige Anfrage an:<\/p>\n<p>privacy@k-and-s.de<\/p>\n<p>Wenn Sie glauben, dass die Verarbeitung Ihrer Daten gegen das Datenschutzrecht verst\u00f6\u00dft oder Ihre datenschutzrechtlichen Anspr\u00fcche sonst in einer Weise verletzt worden sind, k\u00f6nnen Sie sich bei der zust\u00e4ndigen Aufsichtsbeh\u00f6rde beschweren.<\/p>\n<p>[\/et_pb_text][\/et_pb_column][\/et_pb_row][\/et_pb_section]<\/p>\n","protected":false},"excerpt":{"rendered":"<p>Die K. &amp; S. Handels GmbH freut sich \u00fcber Ihren Besuch auf unserer Website sowie \u00fcber Ihr Interesse an unserem Unternehmen und unseren Produkten. Der Schutz Ihrer pers\u00f6nlichen Daten bei der Erhebung, Verarbeitung und Nutzung w\u00e4hrend Ihres Besuchs auf unserer Website ist uns sehr wichtig.\u00a0Nachfolgend finden Sie Informationen, welche Daten w\u00e4hrend Ihres Besuchs auf der [&hellip;]<\/p>\n","protected":false},"author":2,"featured_media":0,"parent":0,"menu_order":0,"comment_status":"closed","ping_status":"closed","template":"","meta":{"_et_pb_use_builder":"on","_et_pb_old_content":"","_et_gb_content_width":""},"_links":{"self":[{"href":"https:\/\/k-and-s.de\/de\/wp-json\/wp\/v2\/pages\/210"}],"collection":[{"href":"https:\/\/k-and-s.de\/de\/wp-json\/wp\/v2\/pages"}],"about":[{"href":"https:\/\/k-and-s.de\/de\/wp-json\/wp\/v2\/types\/page"}],"author":[{"embeddable":true,"href":"https:\/\/k-and-s.de\/de\/wp-json\/wp\/v2\/users\/2"}],"replies":[{"embeddable":true,"href":"https:\/\/k-and-s.de\/de\/wp-json\/wp\/v2\/comments?post=210"}],"version-history":[{"count":6,"href":"https:\/\/k-and-s.de\/de\/wp-json\/wp\/v2\/pages\/210\/revisions"}],"predecessor-version":[{"id":441,"href":"https:\/\/k-and-s.de\/de\/wp-json\/wp\/v2\/pages\/210\/revisions\/441"}],"wp:attachment":[{"href":"https:\/\/k-and-s.de\/de\/wp-json\/wp\/v2\/media?parent=210"}],"curies":[{"name":"wp","href":"https:\/\/api.w.org\/{rel}","templated":true}]}}