{"id":200,"date":"2018-12-17T14:37:12","date_gmt":"2018-12-17T14:37:12","guid":{"rendered":"https:\/\/k-and-s.de\/our-partners\/trading\/"},"modified":"2019-01-16T08:42:52","modified_gmt":"2019-01-16T08:42:52","slug":"trading","status":"publish","type":"page","link":"https:\/\/k-and-s.de\/de\/our-partners\/trading\/","title":{"rendered":"Trading"},"content":{"rendered":"<p>[et_pb_section fb_built=&#8221;1&#8243; fullwidth=&#8221;on&#8221; _builder_version=&#8221;3.17.2&#8243;][et_pb_fullwidth_header title=&#8221;TRADING&#8221; subhead=&#8221;UNSERE PARTNERS&#8221; background_overlay_color=&#8221;rgba(0,0,0,0.38)&#8221; _builder_version=&#8221;3.17.2&#8243; title_font=&#8221;|700||on|||||&#8221; background_image=&#8221;https:\/\/k-and-s.de\/wp-content\/uploads\/2018\/12\/brick-2172682_1920.jpg&#8221;][\/et_pb_fullwidth_header][\/et_pb_section][et_pb_section fb_built=&#8221;1&#8243; _builder_version=&#8221;3.17.2&#8243; custom_padding=&#8221;0|0px|0|0px|false|false&#8221;][et_pb_row custom_padding=&#8221;27px|0px|50px|0px|false|false&#8221; _builder_version=&#8221;3.17.2&#8243;][et_pb_column type=&#8221;4_4&#8243; _builder_version=&#8221;3.17.2&#8243; parallax=&#8221;off&#8221; parallax_method=&#8221;on&#8221;][et_pb_text _builder_version=&#8221;3.17.2&#8243;]<\/p>\n<div class=\"ce_text block\">\n<div class=\"ce_text block\">\n<div class=\"ce_text block\">\n<p>Unser Lieferprogramm umfasst eine sehr gro\u00dfe Anzahl von Artikeln aller namhaften Hersteller. Unsere Produktdatenbank wird st\u00e4ndig aktualisiert und erweitert. Unsere Kunden k\u00f6nnen sicher sein, dass alle Produkte unserer Lieferanten den strengen Qualit\u00e4tsstandards von K&amp;S entsprechen.<\/p>\n<\/div>\n<\/div>\n<\/div>\n<p>[\/et_pb_text][et_pb_text _builder_version=&#8221;3.17.2&#8243; header_font=&#8221;||||||||&#8221; header_3_font=&#8221;|||on|||||&#8221; header_3_font_size=&#8221;20px&#8221;]<\/p>\n<div class=\"ce_text block\">\n<h3><strong>automobilindustrie<\/strong><\/h3>\n<\/div>\n<p>[\/et_pb_text][et_pb_image src=&#8221;https:\/\/k-and-s.de\/wp-content\/uploads\/2018\/12\/automobil.jpg&#8221; align=&#8221;center&#8221; _builder_version=&#8221;3.17.2&#8243;][\/et_pb_image][et_pb_text _builder_version=&#8221;3.17.2&#8243; header_font=&#8221;||||||||&#8221; header_3_font=&#8221;|||on|||||&#8221; header_3_font_size=&#8221;20px&#8221;]<\/p>\n<div class=\"ce_text block\">\n<h3><strong>elektroindustrie<\/strong><\/h3>\n<\/div>\n<p>[\/et_pb_text][et_pb_image src=&#8221;https:\/\/k-and-s.de\/wp-content\/uploads\/2018\/12\/elektro.jpg&#8221; align=&#8221;center&#8221; _builder_version=&#8221;3.17.2&#8243;][\/et_pb_image][\/et_pb_column][\/et_pb_row][\/et_pb_section]<\/p>\n","protected":false},"excerpt":{"rendered":"<p>Unser Lieferprogramm umfasst eine sehr gro\u00dfe Anzahl von Artikeln aller namhaften Hersteller. Unsere Produktdatenbank wird st\u00e4ndig aktualisiert und erweitert. Unsere Kunden k\u00f6nnen sicher sein, dass alle Produkte unserer Lieferanten den strengen Qualit\u00e4tsstandards von K&amp;S entsprechen. automobilindustrie elektroindustrie<\/p>\n","protected":false},"author":2,"featured_media":0,"parent":197,"menu_order":0,"comment_status":"closed","ping_status":"closed","template":"","meta":{"_et_pb_use_builder":"on","_et_pb_old_content":"","_et_gb_content_width":""},"_links":{"self":[{"href":"https:\/\/k-and-s.de\/de\/wp-json\/wp\/v2\/pages\/200"}],"collection":[{"href":"https:\/\/k-and-s.de\/de\/wp-json\/wp\/v2\/pages"}],"about":[{"href":"https:\/\/k-and-s.de\/de\/wp-json\/wp\/v2\/types\/page"}],"author":[{"embeddable":true,"href":"https:\/\/k-and-s.de\/de\/wp-json\/wp\/v2\/users\/2"}],"replies":[{"embeddable":true,"href":"https:\/\/k-and-s.de\/de\/wp-json\/wp\/v2\/comments?post=200"}],"version-history":[{"count":4,"href":"https:\/\/k-and-s.de\/de\/wp-json\/wp\/v2\/pages\/200\/revisions"}],"predecessor-version":[{"id":397,"href":"https:\/\/k-and-s.de\/de\/wp-json\/wp\/v2\/pages\/200\/revisions\/397"}],"up":[{"embeddable":true,"href":"https:\/\/k-and-s.de\/de\/wp-json\/wp\/v2\/pages\/197"}],"wp:attachment":[{"href":"https:\/\/k-and-s.de\/de\/wp-json\/wp\/v2\/media?parent=200"}],"curies":[{"name":"wp","href":"https:\/\/api.w.org\/{rel}","templated":true}]}}