{"id":193,"date":"2018-12-17T14:34:13","date_gmt":"2018-12-17T14:34:13","guid":{"rendered":"https:\/\/k-and-s.de\/trading\/"},"modified":"2019-01-13T19:13:08","modified_gmt":"2019-01-13T19:13:08","slug":"trading","status":"publish","type":"page","link":"https:\/\/k-and-s.de\/de\/trading\/","title":{"rendered":"Trading"},"content":{"rendered":"<p>[et_pb_section fb_built=&#8221;1&#8243; fullwidth=&#8221;on&#8221; _builder_version=&#8221;3.17.2&#8243;][et_pb_fullwidth_header title=&#8221;Trading&#8221; subhead=&#8221;PRODUCTS &#038; SOLUTIONS&#8221; background_overlay_color=&#8221;rgba(0,0,0,0.38)&#8221; _builder_version=&#8221;3.17.2&#8243; title_font=&#8221;|700||on|||||&#8221; background_image=&#8221;https:\/\/k-and-s.de\/wp-content\/uploads\/2018\/12\/brick-2172682_1920.jpg&#8221;][\/et_pb_fullwidth_header][\/et_pb_section][et_pb_section fb_built=&#8221;1&#8243; make_fullwidth=&#8221;on&#8221; make_equal=&#8221;on&#8221; specialty=&#8221;on&#8221; _builder_version=&#8221;3.17.2&#8243;][et_pb_column type=&#8221;1_3&#8243; _builder_version=&#8221;3.0.47&#8243; parallax__hover=&#8221;off&#8221; parallax_method__hover=&#8221;on&#8221; parallax=&#8221;off&#8221; parallax_method=&#8221;on&#8221;][et_pb_image src=&#8221;https:\/\/k-and-s.de\/wp-content\/uploads\/2019\/01\/download.jpg&#8221; _builder_version=&#8221;3.17.2&#8243;][\/et_pb_image][et_pb_image src=&#8221;https:\/\/k-and-s.de\/wp-content\/uploads\/2019\/01\/pexels-photo-164634.jpeg&#8221; _builder_version=&#8221;3.17.2&#8243;][\/et_pb_image][et_pb_image src=&#8221;https:\/\/k-and-s.de\/wp-content\/uploads\/2019\/01\/pexels-photo-257700.jpeg&#8221; _builder_version=&#8221;3.17.2&#8243;][\/et_pb_image][\/et_pb_column][et_pb_column type=&#8221;2_3&#8243; specialty_columns=&#8221;2&#8243; _builder_version=&#8221;3.0.47&#8243; parallax__hover=&#8221;off&#8221; parallax_method__hover=&#8221;on&#8221; parallax=&#8221;off&#8221; parallax_method=&#8221;on&#8221;][et_pb_row_inner _builder_version=&#8221;3.17.2&#8243;][et_pb_column_inner type=&#8221;1_2&#8243; saved_specialty_column_type=&#8221;2_3&#8243; _builder_version=&#8221;3.0.47&#8243; parallax__hover=&#8221;off&#8221; parallax_method__hover=&#8221;on&#8221; parallax=&#8221;off&#8221; parallax_method=&#8221;on&#8221;][et_pb_text _builder_version=&#8221;3.17.2&#8243;]<\/p>\n<h3><strong>KFZ-ERSATZTEILE<\/strong><\/h3>\n<p><span>Seit 1984 handeln wir weltweit mit hochwertigen KFZ-Ersatzteilen. Neben fundierten Marktkenntnissen verf\u00fcgen wir auch auf der Lieferantenseite \u00fcber \u00fcberdurchschnittlich gute Verbindungen und M\u00f6glichkeiten. Wir genie\u00dfen einzigartige Lieferantenkredite, die aufgrund der jahrzehntelangen Partnerschaften mit unseren Lieferanten f\u00fcr uns selbstverst\u00e4ndlich sind. Folgerichtig unterhalten wir ein breites Verkaufsprogramm.<\/p>\n<p>Wir bieten sowohl Produkte erster Wahl aus erster Hand mit Original-Teilen, oder wirtschaftliche und vern\u00fcnftige Alternativen mit Original-Tauschteilen und Gebrauchtteilen. Zu unserem Angebot geh\u00f6ren unter anderem Benzin-\/\u00d6l-\/Wasser-Pumpen, Sto\u00dfd\u00e4mpfer, Kupplungen, Radiatoren, Dichtungen, Radlager, Kurbelwellen, Zahnriemen, Z\u00fcndkerzen.<\/span><\/p>\n<p>[\/et_pb_text][\/et_pb_column_inner][et_pb_column_inner type=&#8221;1_2&#8243; saved_specialty_column_type=&#8221;2_3&#8243; _builder_version=&#8221;3.0.47&#8243; parallax__hover=&#8221;off&#8221; parallax_method__hover=&#8221;on&#8221; parallax=&#8221;off&#8221; parallax_method=&#8221;on&#8221;][et_pb_text _builder_version=&#8221;3.17.2&#8243; text_font=&#8221;||||||||&#8221; header_font=&#8221;||||||||&#8221; header_3_font=&#8221;|||on|||||&#8221;]<\/p>\n<h3><strong>elektroartikel<\/strong><\/h3>\n<p><span>In der Elektroindustrie gelten wir ebenfalls seit 1984 als zuverl\u00e4ssiger Handelspartner f\u00fcr Elektroartikel in der Nieder- und Mittelspannung. Gemeinsam mit unseren internationalen Lieferanten und Handelspartnern unterst\u00fctzen wir Sie optimal bei Ihrer Produktsuche und liefern Ihnen, was Sie ben\u00f6tigen \u2013 just in time!<\/p>\n<p>Wir bieten ein komplettes Spektrum an Produkten f\u00fcr die elektrische Ausr\u00fcstung und Automatisierung von Geb\u00e4uden, Maschinen und Anlagen, wie z.B. Leistungsschalter, Installationsger\u00e4te, Geb\u00e4udesystemtechnik, Schaltanlagensysteme, Verteiler &#038; Kabelsysteme und weitere verwandte Produkte.<\/span><\/p>\n<p>[\/et_pb_text][\/et_pb_column_inner][\/et_pb_row_inner][et_pb_row_inner _builder_version=&#8221;3.17.2&#8243;][et_pb_column_inner type=&#8221;4_4&#8243; saved_specialty_column_type=&#8221;2_3&#8243; _builder_version=&#8221;3.0.47&#8243; parallax__hover=&#8221;off&#8221; parallax_method__hover=&#8221;on&#8221; parallax=&#8221;off&#8221; parallax_method=&#8221;on&#8221;][et_pb_text _builder_version=&#8221;3.17.2&#8243;]<\/p>\n<h3><strong>SUPPLY CHAIN MANAGEMENT<\/strong><\/h3>\n<p><span>Unsere Kunden sch\u00e4tzen unsere kompetente Unterst\u00fctzung. K&amp;S \u00fcbernimmt den kompletten Workflow von der Anfrage bis zur Lieferung von Ersatzteilen, Massenverbrauchsg\u00fctern, Verschlei\u00dfteilen, Wartungsteilen, selten bestellter Komponenten und anderer Teile f\u00fcr den regelm\u00e4\u00dfigen oder pl\u00f6tzlichen Bedarf.<br \/><\/span><br \/><span>Wir f\u00fchren die bestellten Teile aller Lieferanten in unserem Speditionslager zusammen und bereiten sie gr\u00fcndlich f\u00fcr den Export, den \u00dcbersee-Transport oder die Ausfuhrformalit\u00e4ten vor.<br \/><\/span><br \/><span>Durch unsere Arbeit reduzieren wir die Beschaffungskosten, minimieren Material- und Prozessfehler und sorgen mit intelligenten L\u00f6sungen f\u00fcr die 100%ige Zufriedenheit unserer Kunden. Durch Lagerbevorratung sorgen wir f\u00fcr schnelle Lieferm\u00f6glichkeiten und reduzieren gleichzeitig die Warenvorhaltung und Kapitalbindung f\u00fcr unsere Kunden.<\/span><\/p>\n<p>[\/et_pb_text][\/et_pb_column_inner][\/et_pb_row_inner][\/et_pb_column][\/et_pb_section]<\/p>\n","protected":false},"excerpt":{"rendered":"<p>KFZ-ERSATZTEILE Seit 1984 handeln wir weltweit mit hochwertigen KFZ-Ersatzteilen. Neben fundierten Marktkenntnissen verf\u00fcgen wir auch auf der Lieferantenseite \u00fcber \u00fcberdurchschnittlich gute Verbindungen und M\u00f6glichkeiten. Wir genie\u00dfen einzigartige Lieferantenkredite, die aufgrund der jahrzehntelangen Partnerschaften mit unseren Lieferanten f\u00fcr uns selbstverst\u00e4ndlich sind. Folgerichtig unterhalten wir ein breites Verkaufsprogramm. Wir bieten sowohl Produkte erster Wahl aus erster Hand [&hellip;]<\/p>\n","protected":false},"author":2,"featured_media":0,"parent":0,"menu_order":0,"comment_status":"closed","ping_status":"closed","template":"","meta":{"_et_pb_use_builder":"on","_et_pb_old_content":"","_et_gb_content_width":""},"_links":{"self":[{"href":"https:\/\/k-and-s.de\/de\/wp-json\/wp\/v2\/pages\/193"}],"collection":[{"href":"https:\/\/k-and-s.de\/de\/wp-json\/wp\/v2\/pages"}],"about":[{"href":"https:\/\/k-and-s.de\/de\/wp-json\/wp\/v2\/types\/page"}],"author":[{"embeddable":true,"href":"https:\/\/k-and-s.de\/de\/wp-json\/wp\/v2\/users\/2"}],"replies":[{"embeddable":true,"href":"https:\/\/k-and-s.de\/de\/wp-json\/wp\/v2\/comments?post=193"}],"version-history":[{"count":3,"href":"https:\/\/k-and-s.de\/de\/wp-json\/wp\/v2\/pages\/193\/revisions"}],"predecessor-version":[{"id":366,"href":"https:\/\/k-and-s.de\/de\/wp-json\/wp\/v2\/pages\/193\/revisions\/366"}],"wp:attachment":[{"href":"https:\/\/k-and-s.de\/de\/wp-json\/wp\/v2\/media?parent=193"}],"curies":[{"name":"wp","href":"https:\/\/api.w.org\/{rel}","templated":true}]}}