{"id":189,"date":"2018-12-17T14:33:42","date_gmt":"2018-12-17T14:33:42","guid":{"rendered":"https:\/\/k-and-s.de\/training-analytics\/"},"modified":"2019-01-13T15:34:30","modified_gmt":"2019-01-13T15:34:30","slug":"training-analytics","status":"publish","type":"page","link":"https:\/\/k-and-s.de\/de\/training-analytics\/","title":{"rendered":"Training &#038; Analytics"},"content":{"rendered":"<p>[et_pb_section fb_built=&#8221;1&#8243; fullwidth=&#8221;on&#8221; _builder_version=&#8221;3.17.2&#8243;][et_pb_fullwidth_header title=&#8221;tRAINING &#038; ANALYTICS&#8221; subhead=&#8221;PRODUCTS &#038; SOLUTIONS&#8221; background_overlay_color=&#8221;rgba(0,0,0,0.38)&#8221; _builder_version=&#8221;3.17.2&#8243; title_font=&#8221;|700||on|||||&#8221; background_image=&#8221;https:\/\/k-and-s.de\/wp-content\/uploads\/2018\/12\/brick-2172682_1920.jpg&#8221;][\/et_pb_fullwidth_header][\/et_pb_section][et_pb_section fb_built=&#8221;1&#8243; make_fullwidth=&#8221;on&#8221; make_equal=&#8221;on&#8221; specialty=&#8221;on&#8221; _builder_version=&#8221;3.17.2&#8243;][et_pb_column type=&#8221;1_3&#8243; _builder_version=&#8221;3.0.47&#8243; parallax__hover=&#8221;off&#8221; parallax_method__hover=&#8221;on&#8221; parallax=&#8221;off&#8221; parallax_method=&#8221;on&#8221;][et_pb_image src=&#8221;https:\/\/k-and-s.de\/wp-content\/uploads\/2018\/12\/blur-capacitors-chips-1448561-1-min-1.jpg&#8221; _builder_version=&#8221;3.17.2&#8243;][\/et_pb_image][et_pb_image src=&#8221;https:\/\/k-and-s.de\/wp-content\/uploads\/2018\/12\/business-commerce-computer-132700-min-1.jpg&#8221; _builder_version=&#8221;3.17.2&#8243;][\/et_pb_image][et_pb_image src=&#8221;https:\/\/k-and-s.de\/wp-content\/uploads\/2018\/12\/cables-close-up-computer-257736-min-1.jpg&#8221; _builder_version=&#8221;3.17.2&#8243;][\/et_pb_image][\/et_pb_column][et_pb_column type=&#8221;2_3&#8243; specialty_columns=&#8221;2&#8243; _builder_version=&#8221;3.0.47&#8243; parallax__hover=&#8221;off&#8221; parallax_method__hover=&#8221;on&#8221; parallax=&#8221;off&#8221; parallax_method=&#8221;on&#8221;][et_pb_row_inner _builder_version=&#8221;3.17.2&#8243;][et_pb_column_inner type=&#8221;4_4&#8243; saved_specialty_column_type=&#8221;2_3&#8243; _builder_version=&#8221;3.0.47&#8243; parallax__hover=&#8221;off&#8221; parallax_method__hover=&#8221;on&#8221; parallax=&#8221;off&#8221; parallax_method=&#8221;on&#8221;][et_pb_text _builder_version=&#8221;3.17.2&#8243; header_font=&#8221;||||||||&#8221; header_3_font=&#8221;|||on|||||&#8221;]<\/p>\n<h3 style=\"text-align: left;\"><strong>training, produkt- und prozessengineering<br \/> von elektronischen baugruppen<\/strong><\/h3>\n<p>Gemeinsam mit unserem Partner bieten wir Elektronikproduzenten und -entwicklern das entscheidende Know-how und umfassende Dienstleistungen von der Aufbau- und Verbindungstechnik bis zur Systemintegration.<\/p>\n<p>Dazu geh\u00f6ren folgende Dienstleistungen:<\/p>\n<ul>\n<li>Unterst\u00fctzung und Beratung bei der Entwicklung, und Konstruktion<\/li>\n<\/ul>\n<ul>\n<li>Materialauswahl und prozesstechnische Umsetzung von elektronischen Produkten<\/li>\n<\/ul>\n<ul>\n<li>Qualifizierung, Pr\u00fcfung und Lebensdaueruntersuchungen von Materialien, Verbindungen, Bauteilen, Baugruppen und Produkten<\/li>\n<\/ul>\n<ul>\n<li>Fertigung von Kleinserien sowie Rework-Arbeiten<\/li>\n<\/ul>\n<ul>\n<li>Analyse von Fertigungsprozessen, Produkten und Schadensf\u00e4llen<\/li>\n<\/ul>\n<ul>\n<li>Trainingsma\u00dfnahmen zu Elektronik-Design und Fertigungsprozess, Qualit\u00e4tsbewertung nach Industriestandards und L\u00f6tfachausbildung f\u00fcr die Elektronikfertigung \u2013 auch als In-Haus-Schulung<\/li>\n<\/ul>\n<p>F\u00fcr Analytik und Training steht eine umfangreiche Ausstattung zur Verf\u00fcgung. Dazu geh\u00f6ren z.B. Klima-, Temperatur- und Temperaturschockschr\u00e4nke, Equipment zur Schliffpr\u00e4paration, Lichtmikroskope, Systeme zur optischen Inspektion, Pull- und Schertestger\u00e4t, Universal Zug- und Druckpr\u00fcfmaschine, umfangreiche elektrische Messtechnik, Simulationssoftware, SMD-Best\u00fcckungslinie sowie Reworkstationen und L\u00f6tarbeitspl\u00e4tze. Weitere Pr\u00fcfdienstleistungen sind Vibrationspr\u00fcfungen, EM\/EDX-Analysen, R\u00f6ntgenpr\u00fcfungen und Benetzungstests.<\/p>\n<p>Wir beantworten Ihre Fragen bei der Aufbautechnik elektronischer Baugruppen und helfen Ihnen mit Ihrem Anliegen<span>\u00a0<\/span><br \/>gerne weiter.<\/p>\n<p>[\/et_pb_text][\/et_pb_column_inner][\/et_pb_row_inner][\/et_pb_column][\/et_pb_section]<\/p>\n","protected":false},"excerpt":{"rendered":"<p>training, produkt- und prozessengineering von elektronischen baugruppen Gemeinsam mit unserem Partner bieten wir Elektronikproduzenten und -entwicklern das entscheidende Know-how und umfassende Dienstleistungen von der Aufbau- und Verbindungstechnik bis zur Systemintegration. Dazu geh\u00f6ren folgende Dienstleistungen: Unterst\u00fctzung und Beratung bei der Entwicklung, und Konstruktion Materialauswahl und prozesstechnische Umsetzung von elektronischen Produkten Qualifizierung, Pr\u00fcfung und Lebensdaueruntersuchungen von Materialien, [&hellip;]<\/p>\n","protected":false},"author":2,"featured_media":0,"parent":0,"menu_order":0,"comment_status":"closed","ping_status":"closed","template":"","meta":{"_et_pb_use_builder":"on","_et_pb_old_content":"","_et_gb_content_width":""},"_links":{"self":[{"href":"https:\/\/k-and-s.de\/de\/wp-json\/wp\/v2\/pages\/189"}],"collection":[{"href":"https:\/\/k-and-s.de\/de\/wp-json\/wp\/v2\/pages"}],"about":[{"href":"https:\/\/k-and-s.de\/de\/wp-json\/wp\/v2\/types\/page"}],"author":[{"embeddable":true,"href":"https:\/\/k-and-s.de\/de\/wp-json\/wp\/v2\/users\/2"}],"replies":[{"embeddable":true,"href":"https:\/\/k-and-s.de\/de\/wp-json\/wp\/v2\/comments?post=189"}],"version-history":[{"count":2,"href":"https:\/\/k-and-s.de\/de\/wp-json\/wp\/v2\/pages\/189\/revisions"}],"predecessor-version":[{"id":364,"href":"https:\/\/k-and-s.de\/de\/wp-json\/wp\/v2\/pages\/189\/revisions\/364"}],"wp:attachment":[{"href":"https:\/\/k-and-s.de\/de\/wp-json\/wp\/v2\/media?parent=189"}],"curies":[{"name":"wp","href":"https:\/\/api.w.org\/{rel}","templated":true}]}}