{"id":187,"date":"2018-12-17T14:33:30","date_gmt":"2018-12-17T14:33:30","guid":{"rendered":"https:\/\/k-and-s.de\/engineering-consulting\/"},"modified":"2022-11-01T23:26:16","modified_gmt":"2022-11-01T21:26:16","slug":"engineering-consulting","status":"publish","type":"page","link":"https:\/\/k-and-s.de\/de\/engineering-consulting\/","title":{"rendered":"Engineering &#038; Consulting"},"content":{"rendered":"<p>[et_pb_section fb_built=&#8221;1&#8243; fullwidth=&#8221;on&#8221; _builder_version=&#8221;4.16&#8243; global_colors_info=&#8221;{}&#8221;][et_pb_fullwidth_header title=&#8221;Engineering &#038; consulting&#8221; subhead=&#8221;PRODUCTS &#038; SOLUTIONS&#8221; background_overlay_color=&#8221;rgba(0,0,0,0.38)&#8221; _builder_version=&#8221;4.16&#8243; title_font=&#8221;|700||on|||||&#8221; background_image=&#8221;https:\/\/k-and-s.de\/wp-content\/uploads\/2018\/12\/brick-2172682_1920.jpg&#8221; global_colors_info=&#8221;{}&#8221;][\/et_pb_fullwidth_header][\/et_pb_section][et_pb_section fb_built=&#8221;1&#8243; make_equal=&#8221;on&#8221; specialty=&#8221;on&#8221; module_class=&#8221; et_pb_specialty_fullwidth&#8221; _builder_version=&#8221;4.16&#8243; inner_width=&#8221;89%&#8221; inner_width_tablet=&#8221;80%&#8221; inner_width_last_edited=&#8221;on|desktop&#8221; inner_max_width=&#8221;89%&#8221; inner_max_width_tablet=&#8221;80%&#8221; inner_max_width_last_edited=&#8221;on|desktop&#8221; make_fullwidth=&#8221;on&#8221; global_colors_info=&#8221;{}&#8221; inner_width_phone=&#8221;80%&#8221; inner_max_width_phone=&#8221;80%&#8221;][et_pb_column type=&#8221;1_3&#8243; _builder_version=&#8221;4.16&#8243; custom_padding=&#8221;|||&#8221; global_colors_info=&#8221;{}&#8221; parallax__hover=&#8221;off&#8221; parallax_method__hover=&#8221;on&#8221; custom_padding__hover=&#8221;|||&#8221;][et_pb_image src=&#8221;https:\/\/k-and-s.de\/wp-content\/uploads\/2018\/12\/a8d7769f-bc23-4ac6-8f96-d02df74fcda8-original-min-1.jpeg&#8221; align_tablet=&#8221;center&#8221; align_last_edited=&#8221;on|desktop&#8221; _builder_version=&#8221;4.16&#8243; global_colors_info=&#8221;{}&#8221; align_phone=&#8221;center&#8221;][\/et_pb_image][et_pb_image src=&#8221;https:\/\/k-and-s.de\/wp-content\/uploads\/2018\/12\/Utility_Metering2-min-1.jpg&#8221; align_tablet=&#8221;center&#8221; align_last_edited=&#8221;on|desktop&#8221; _builder_version=&#8221;4.16&#8243; global_colors_info=&#8221;{}&#8221; align_phone=&#8221;center&#8221;][\/et_pb_image][et_pb_image src=&#8221;https:\/\/k-and-s.de\/wp-content\/uploads\/2018\/12\/news-energy-apr17-eLTEsmartgrid-min-1.jpg&#8221; align_tablet=&#8221;center&#8221; align_last_edited=&#8221;on|desktop&#8221; _builder_version=&#8221;4.16&#8243; global_colors_info=&#8221;{}&#8221; align_phone=&#8221;center&#8221;][\/et_pb_image][\/et_pb_column][et_pb_column type=&#8221;2_3&#8243; specialty_columns=&#8221;2&#8243; _builder_version=&#8221;4.16&#8243; custom_padding=&#8221;|||&#8221; global_colors_info=&#8221;{}&#8221; parallax__hover=&#8221;off&#8221; parallax_method__hover=&#8221;on&#8221; custom_padding__hover=&#8221;|||&#8221;][et_pb_row_inner _builder_version=&#8221;4.16&#8243; global_colors_info=&#8221;{}&#8221; column_structure=&#8221;1_2,1_2&#8243;][et_pb_column_inner type=&#8221;1_2&#8243; saved_specialty_column_type=&#8221;2_3&#8243; _builder_version=&#8221;3.0.47&#8243; global_colors_info=&#8221;{}&#8221; parallax__hover=&#8221;off&#8221; parallax_method__hover=&#8221;on&#8221;][et_pb_text _builder_version=&#8221;4.16&#8243; global_colors_info=&#8221;{}&#8221;]<\/p>\n<h3><strong>METERING<\/strong><\/h3>\n<p>Der Bereich Verbrauchsdatenmessung ist ein derzeit sehr intensiv diskutiertes Segment innerhalb der Wertsch\u00f6pfungskette von Energieversorgungsunternehmen (EVUs). Tats\u00e4chlich handelt es sich bei dem im englischen Sprachgebrauch &#8220;Metering&#8221; genannten Bereich, also der Welt der Z\u00e4hler und Energiemengenerfassung, um ein \u00e4u\u00dferst dynamisches Feld mit heterogenen Anforderungen und Bedingungen:<\/p>\n<ul>\n<li>Neue Marktanforderungen und gesetzliche Richtlinien fordern eine erh\u00f6hte Kostentransparenz<\/li>\n<li>Distributionsunternehmen, aktuell zust\u00e4ndig f\u00fcr die Verbrauchsdatenmessung, beginnen Outsourcing als eine attraktive M\u00f6glichkeit zur Kostensenkung wahrzunehmen<\/li>\n<li>Die am Energiemarkt agierenden Partner erwarten und ben\u00f6tigen eine sehr zeitnahe Messdaten\u00fcbermittlung<\/li>\n<li>Globale Initiativen wie die Entwicklung des Energiemarktes in Richtung von &#8220;Smart Grids&#8221; treiben Innovationen voran<\/li>\n<li>Flexible Tarife und zus\u00e4tzliche Mess-Dienstleistungen erm\u00f6glichen neue Services, von welchen im Sinne einer Win-Win-Situation sowohl Kunden, als auch Energieversorger profitieren.<\/li>\n<\/ul>\n<p>Verschiedene Dienstleistungen rund um die Verbrauchsdatenmessung erm\u00f6glichen die Erfassung und Verteilung relevanter Daten verschiedener Marktteilnehmer im deregulierten Markt. Es umfasst die vielf\u00e4ltigen Aspekte der automatisierten Z\u00e4hlerverwaltung und des Z\u00e4hlerfernmanagements (Automated Meter Management \u2013 AMM) sowie die Einrichtung und Integration von Abrechnungs-, Kundeninformations- und anderen ERP-Applikationen.<\/p>\n<p>[\/et_pb_text][\/et_pb_column_inner][et_pb_column_inner type=&#8221;1_2&#8243; saved_specialty_column_type=&#8221;2_3&#8243; _builder_version=&#8221;3.0.47&#8243; global_colors_info=&#8221;{}&#8221; parallax__hover=&#8221;off&#8221; parallax_method__hover=&#8221;on&#8221;][et_pb_text _builder_version=&#8221;4.16&#8243; global_colors_info=&#8221;{}&#8221;]<\/p>\n<h3><strong>SMART METERING<\/strong><\/h3>\n<p><span>Automated Meter Management und Advanced Metering Infrastructure (Smart Metering) haben das Potenzial, Gesch\u00e4ftsmodelle signifikant zu ver\u00e4ndern. Chancen er\u00f6ffnen sich beispielsweise in den Bereichen der Umsatz- und Kundenverwaltung sowie der Servicequalit\u00e4t, im Commodity Management sowie der Optimierung der Anlagen- und Infrastrukturnutzung und damit auch deren Stabilit\u00e4t und Verl\u00e4sslichkeit.<\/span><\/p>\n<p><span>Beim Smart Metering liefern &#8220;intelligente Z\u00e4hler&#8221; in regelm\u00e4\u00dfigen, kurzen Zeitintervallen Verbrauchsdaten direkt aus der Kundenanlage, wodurch gewerbliche wie auch private Kunden ihren Energiekonsum jederzeit im Blick haben und ihr Verbrauchsverhalten gegebenenfalls entsprechend optimieren k\u00f6nnen. Als EVUs sind Sie in der Lage ihren Kunden flexible, zeitabh\u00e4ngige Tarife wie auch weitere, komplexe Produkte anbieten zu k\u00f6nnen. Smart Metering verwendet eine Zwei-Wege-Kommunikation f\u00fcr die Fernsteuerung der Z\u00e4hler, die Kommunikation von z.B. Zustandsdaten sowie die \u00dcbertragung des gemessenen Energieverbrauchs pro Zeitintervall f\u00fcr eine entsprechende Rechnungserstellung.<\/span><\/p>\n<p>[\/et_pb_text][\/et_pb_column_inner][\/et_pb_row_inner][et_pb_row_inner _builder_version=&#8221;4.16&#8243; global_colors_info=&#8221;{}&#8221;][et_pb_column_inner saved_specialty_column_type=&#8221;2_3&#8243; _builder_version=&#8221;3.0.47&#8243; global_colors_info=&#8221;{}&#8221; parallax__hover=&#8221;off&#8221; parallax_method__hover=&#8221;on&#8221;][et_pb_text _builder_version=&#8221;4.18.0&#8243; global_colors_info=&#8221;{}&#8221;]<\/p>\n<h3><b>UNSER ANGEBOT<\/b><\/h3>\n<p>K&amp;S besitzt langj\u00e4hrige Erfahrung und Beratungskompetenz auf dem Gebiet der Elektronik, im Speziellen der Entwicklung, Pr\u00fcfung, Fertigung und Vertrieb von mechanischen und elektronischen Stromz\u00e4hlern.<\/p>\n<p>Neben der Beratung von Herstellern von Messger\u00e4ten und Komponenten in Bezug auf Mechanik, Elektronik und Produktsupport, bieten wir kompetente System- und Produktentwicklung im Bereich Metering an.<br \/>Von der Lastenhefterstellung nach Kundenspezifikationen bis hin zur Fertigungskoordination im In- und Ausland \u2013 unsere Consulting Engineers besitzen langj\u00e4hrige Erfahrung und Kompetenzen aus ihren T\u00e4tigkeiten in namhaften deutschen Unternehmen der Metering Branche und beraten Sie umfassend zu allen Angelegenheiten im Bereich Metering.<br \/>Wir bieten durchg\u00e4ngige Smart Metering L\u00f6sungen an, welche die gesamte Prozesskette von der fl\u00e4chendeckenden Installation von intelligenten Z\u00e4hlern \u00fcber die Kommunikationsinfrastruktur und Verbrauchsdatenverwaltung bis hin zur Rechnungserstellung und dem Kundenservice einschlie\u00dft.<\/p>\n<p>[\/et_pb_text][\/et_pb_column_inner][\/et_pb_row_inner][et_pb_row_inner _builder_version=&#8221;4.18.0&#8243; _module_preset=&#8221;default&#8221;][et_pb_column_inner saved_specialty_column_type=&#8221;2_3&#8243; _builder_version=&#8221;4.18.0&#8243; _module_preset=&#8221;default&#8221;][et_pb_text _builder_version=&#8221;4.18.0&#8243; _module_preset=&#8221;default&#8221; hover_enabled=&#8221;0&#8243; sticky_enabled=&#8221;0&#8243;]<\/p>\n<h3><b>UNSER PORTFOLIO AN SMART ENERGY METERING PRODUKTEN<\/b><\/h3>\n<p>[\/et_pb_text][et_pb_gallery _builder_version=&#8221;4.18.0&#8243; _module_preset=&#8221;default&#8221; gallery_ids=&#8221;509,507,505,503,501,499,497,495,493,491&#8243; posts_number=&#8221;10&#8243; hover_enabled=&#8221;0&#8243; sticky_enabled=&#8221;0&#8243;][\/et_pb_gallery][\/et_pb_column_inner][\/et_pb_row_inner][\/et_pb_column][\/et_pb_section]<\/p>\n","protected":false},"excerpt":{"rendered":"<p>METERING Der Bereich Verbrauchsdatenmessung ist ein derzeit sehr intensiv diskutiertes Segment innerhalb der Wertsch\u00f6pfungskette von Energieversorgungsunternehmen (EVUs). Tats\u00e4chlich handelt es sich bei dem im englischen Sprachgebrauch &#8220;Metering&#8221; genannten Bereich, also der Welt der Z\u00e4hler und Energiemengenerfassung, um ein \u00e4u\u00dferst dynamisches Feld mit heterogenen Anforderungen und Bedingungen: Neue Marktanforderungen und gesetzliche Richtlinien fordern eine erh\u00f6hte Kostentransparenz [&hellip;]<\/p>\n","protected":false},"author":2,"featured_media":0,"parent":0,"menu_order":0,"comment_status":"closed","ping_status":"closed","template":"","meta":{"_et_pb_use_builder":"on","_et_pb_old_content":"","_et_gb_content_width":""},"_links":{"self":[{"href":"https:\/\/k-and-s.de\/de\/wp-json\/wp\/v2\/pages\/187"}],"collection":[{"href":"https:\/\/k-and-s.de\/de\/wp-json\/wp\/v2\/pages"}],"about":[{"href":"https:\/\/k-and-s.de\/de\/wp-json\/wp\/v2\/types\/page"}],"author":[{"embeddable":true,"href":"https:\/\/k-and-s.de\/de\/wp-json\/wp\/v2\/users\/2"}],"replies":[{"embeddable":true,"href":"https:\/\/k-and-s.de\/de\/wp-json\/wp\/v2\/comments?post=187"}],"version-history":[{"count":6,"href":"https:\/\/k-and-s.de\/de\/wp-json\/wp\/v2\/pages\/187\/revisions"}],"predecessor-version":[{"id":512,"href":"https:\/\/k-and-s.de\/de\/wp-json\/wp\/v2\/pages\/187\/revisions\/512"}],"wp:attachment":[{"href":"https:\/\/k-and-s.de\/de\/wp-json\/wp\/v2\/media?parent=187"}],"curies":[{"name":"wp","href":"https:\/\/api.w.org\/{rel}","templated":true}]}}