{"id":171,"date":"2018-12-17T14:33:46","date_gmt":"2018-12-17T14:33:46","guid":{"rendered":"https:\/\/k-and-s.de\/about-us\/"},"modified":"2019-01-11T15:13:00","modified_gmt":"2019-01-11T15:13:00","slug":"about-us","status":"publish","type":"page","link":"https:\/\/k-and-s.de\/de\/about-us\/","title":{"rendered":"About Us"},"content":{"rendered":"<p>[et_pb_section fb_built=&#8221;1&#8243; fullwidth=&#8221;on&#8221; _builder_version=&#8221;3.17.2&#8243;][et_pb_fullwidth_header title=&#8221;\u00dcber Uns&#8221; background_overlay_color=&#8221;rgba(0,0,0,0.38)&#8221; _builder_version=&#8221;3.17.2&#8243; title_font=&#8221;|700||on|||||&#8221; background_image=&#8221;https:\/\/k-and-s.de\/wp-content\/uploads\/2018\/12\/brick-2172682_1920.jpg&#8221;][\/et_pb_fullwidth_header][\/et_pb_section][et_pb_section fb_built=&#8221;1&#8243; _builder_version=&#8221;3.17.2&#8243;][et_pb_row _builder_version=&#8221;3.17.2&#8243;][et_pb_column type=&#8221;1_2&#8243; _builder_version=&#8221;3.17.2&#8243; parallax=&#8221;off&#8221; parallax_method=&#8221;on&#8221;][et_pb_text _builder_version=&#8221;3.17.2&#8243;]<\/p>\n<h3 style=\"text-align: left;\"><strong>Unsere Historie<br \/>\n<\/strong><\/h3>\n<p><span>Seit 1984 handeln wir weltweit mit hochwertigen Produkten aus den Marktsegmenten KFZ-Ersatzteile, Elektroartikel f\u00fcr Nieder- und Mittelspannung sowie Industriemaschinen aller Art.<\/span><\/p>\n<p><span>Seit vielen Jahren sind wir in den Bereichen Beratung, System- und Produktentwicklung von Stromz\u00e4hlern t\u00e4tig.<\/span><\/p>\n<p><span>In Zusammenarbeit mit unserem Partner bieten wir zus\u00e4tzlich das entscheidende Know-how und umfassende Dienstleistungen von der Aufbau- und Verbindungstechnik bis zur Systemintegration.<\/span>[\/et_pb_text][\/et_pb_column][et_pb_column type=&#8221;1_2&#8243; _builder_version=&#8221;3.17.2&#8243; parallax=&#8221;off&#8221; parallax_method=&#8221;on&#8221;][et_pb_text _builder_version=&#8221;3.17.2&#8243;]<\/p>\n<h3 style=\"text-align: left;\"><strong>Unsere Philosophie<br \/>\n<\/strong><\/h3>\n<p>Im Vordergrund steht der Kunde. Unser Ziel ist es, flexibel und schnellstm\u00f6glich auf die W\u00fcnsche unserer Kunden zu reagieren und den bestm\u00f6glichen Service zu bieten. Hierf\u00fcr stehen die vier Grundpfeiler unserer Unternehmensphilosophie:<\/p>\n<ul>\n<li><strong>Verantwortlichkeit<\/strong><br \/>Zu Verantwortlichkeit geh\u00f6rt das Verantwortungsbewusstsein f\u00fcr die von uns getroffenen Entscheidungen, die Handlungen, die wir ergreifen und die daraus resultierenden Konsequenzen.\n<\/li>\n<li><strong>Respekt<\/strong><br \/>Eine Atmosph\u00e4re des Respekts erzeugt Vertrauen, Zuversicht und herausragende Leistungen durch die F\u00f6rderung eines Gemeinschaftssinns \u2013 einer Atmosph\u00e4re, in der unterschiedliche Perspektiven und Ansichten unterst\u00fctzt und gesch\u00e4tzt werden.\n<\/li>\n<li><strong>Fairness\u00a0<\/strong><br \/>Fairness ist unsere Pflicht, bei Entscheidungsfindungen und Handlungen unvoreingenommen und objektiv vorzugehen. Unser Verhalten ist nicht von Eigennutz, Vorurteilen oder Bevorzugungen beeinflusst.\n<\/li>\n<li><strong>Ehrlichkeit<\/strong><br \/>Ehrlichkeit ist unsere Pflicht, die Wahrheit zu verstehen und wahrheitsgetreu im Rahmen unserer Kommunikation und Verhaltensweisen zu handeln.\n<\/li>\n<\/ul>\n<p>Unser Wissen und unsere Erfahrung sind der Garant f\u00fcr Ihren Erfolg.<\/p>\n<p>[\/et_pb_text][\/et_pb_column][\/et_pb_row][\/et_pb_section]<\/p>\n","protected":false},"excerpt":{"rendered":"<p>Unsere Historie Seit 1984 handeln wir weltweit mit hochwertigen Produkten aus den Marktsegmenten KFZ-Ersatzteile, Elektroartikel f\u00fcr Nieder- und Mittelspannung sowie Industriemaschinen aller Art. Seit vielen Jahren sind wir in den Bereichen Beratung, System- und Produktentwicklung von Stromz\u00e4hlern t\u00e4tig. In Zusammenarbeit mit unserem Partner bieten wir zus\u00e4tzlich das entscheidende Know-how und umfassende Dienstleistungen von der Aufbau- [&hellip;]<\/p>\n","protected":false},"author":2,"featured_media":0,"parent":0,"menu_order":0,"comment_status":"closed","ping_status":"closed","template":"","meta":{"_et_pb_use_builder":"on","_et_pb_old_content":"","_et_gb_content_width":""},"_links":{"self":[{"href":"https:\/\/k-and-s.de\/de\/wp-json\/wp\/v2\/pages\/171"}],"collection":[{"href":"https:\/\/k-and-s.de\/de\/wp-json\/wp\/v2\/pages"}],"about":[{"href":"https:\/\/k-and-s.de\/de\/wp-json\/wp\/v2\/types\/page"}],"author":[{"embeddable":true,"href":"https:\/\/k-and-s.de\/de\/wp-json\/wp\/v2\/users\/2"}],"replies":[{"embeddable":true,"href":"https:\/\/k-and-s.de\/de\/wp-json\/wp\/v2\/comments?post=171"}],"version-history":[{"count":3,"href":"https:\/\/k-and-s.de\/de\/wp-json\/wp\/v2\/pages\/171\/revisions"}],"predecessor-version":[{"id":328,"href":"https:\/\/k-and-s.de\/de\/wp-json\/wp\/v2\/pages\/171\/revisions\/328"}],"wp:attachment":[{"href":"https:\/\/k-and-s.de\/de\/wp-json\/wp\/v2\/media?parent=171"}],"curies":[{"name":"wp","href":"https:\/\/api.w.org\/{rel}","templated":true}]}}